{"id":226,"date":"2025-08-07T10:13:47","date_gmt":"2025-08-07T10:13:47","guid":{"rendered":"https:\/\/quimicsdalmau.com\/bg_sites\/?page_id=226"},"modified":"2025-08-07T10:24:18","modified_gmt":"2025-08-07T10:24:18","slug":"aplicaciones-fotograficas-antiguas","status":"publish","type":"page","link":"https:\/\/quimicsdalmau.com\/es\/aplicaciones-fotograficas-antiguas\/","title":{"rendered":"APLICACIONES FOTOGR\u00c1FICAS ANTIGUAS"},"content":{"rendered":"<table width=\"100%\">\n<tbody>\n<tr>\n<td width=\"86%\">\n<h2 style=\"text-align: center;\"><strong>La fotograf\u00eda de nuestros abuelos<\/strong><\/h2>\n<\/td>\n<td width=\"14%\"><\/td>\n<\/tr>\n<\/tbody>\n<\/table>\n<table width=\"100%\">\n<tbody>\n<tr>\n<td width=\"100%\"><strong><em>Toda la informaci\u00f3n presentada en este documento es a titulo informativo y\u00a0 puede encontrarse en <a href=\"http:\/\/www.galeon.com\/\">www.galeon.com<\/a> .<br \/>\nSiempre es interesante conocer c\u00f3mo hace m\u00e1s de cuarenta a\u00f1os, los aficionados y los profesionales produc\u00edan su propio material fotogr\u00e1fico.<br \/>\nLa mayor\u00eda de los productos puedes encontrarlos en QUIMICS DALMAU S.L<\/em><\/strong><\/td>\n<\/tr>\n<\/tbody>\n<\/table>\n<p>&nbsp;<\/p>\n<table width=\"100%\">\n<tbody>\n<tr>\n<td width=\"100%\"><strong>Revelado del papel al clorobromuro de plata.<\/strong> Era el preferido por los aficionados, porque sin necesidad de laboratorio, con luz roja pod\u00edan imprimir r\u00e1pidamente sus negativos.Las normas generales del tratamiento de estos papeles eran las siguientes: el desarrollo era a base de hidroquinona y metol y otros productos, que eran los que m\u00e1s abundaban; s\u00f3lo daban bellos tonos negros con el matiz agradable del coloidina mate, virado con el doble viraje.La exposici\u00f3n de estos papeles era la siguiente: luz del d\u00eda, a dos metros del balc\u00f3n, de uno a cuatro segundos; luz el\u00e9ctrica, l\u00e1mpara de 16 buj\u00edas, cuarenta cent\u00edmetros de distancia, de cinco a quince segundos. Se obten\u00edan muy buenos tonos negros si la exposici\u00f3n era la precisa y luego se daba un revelado que hab\u00eda de durar de sesenta a setenta segundos con ba\u00f1o a quince grados. La f\u00f3rmula del ba\u00f1o era la siguiente:Soluci\u00f3n saturada de carbonato de sosa anhidro (sosa Solway):<\/p>\n<table width=\"100%\">\n<tbody>\n<tr>\n<td width=\"50%\">Agua<\/td>\n<td width=\"50%\">1 litro<\/td>\n<\/tr>\n<tr>\n<td width=\"50%\">Sulfito de sosa cristalizado<\/td>\n<td width=\"50%\">100 gramos<\/td>\n<\/tr>\n<tr>\n<td width=\"50%\">Hidroquinona<\/td>\n<td width=\"50%\">12 gramos<\/td>\n<\/tr>\n<tr>\n<td width=\"50%\">Metol<\/td>\n<td width=\"50%\">4 gramos<\/td>\n<\/tr>\n<\/tbody>\n<\/table>\n<p>Para utilizar el ba\u00f1o se mezclaba la soluci\u00f3n Solway y de la otra soluci\u00f3n de sulfito, hidroquinona y metol, vol\u00famenes iguales; esta mezcla deb\u00eda hacerse en el momento de utilizarla; hab\u00eda de trabajarse a luz roja.<\/p>\n<p>Las pruebas, una vez sacadas de este ba\u00f1o, se introduc\u00edan en el de fijador, que pod\u00eda ser con arreglo a esta f\u00f3rmula:<\/p>\n<table width=\"100%\">\n<tbody>\n<tr>\n<td width=\"50%\">Agua<\/td>\n<td width=\"50%\">1 litro<\/td>\n<\/tr>\n<tr>\n<td width=\"50%\">Hiposulfito<\/td>\n<td width=\"50%\">150 gramos<\/td>\n<\/tr>\n<tr>\n<td width=\"50%\">Acido b\u00f3rico<\/td>\n<td width=\"50%\">130 gramos<\/td>\n<\/tr>\n<\/tbody>\n<\/table>\n<p>Era aconsejable el empleo de un ba\u00f1o \u00e1cido endurecedor entre el de desarrollo y el de fijado. He aqu\u00ed la f\u00f3rmula:<\/p>\n<table width=\"100%\">\n<tbody>\n<tr>\n<td width=\"50%\">Agua<\/td>\n<td width=\"50%\">1 litro<\/td>\n<\/tr>\n<tr>\n<td width=\"50%\">Alumbre<\/td>\n<td width=\"50%\">100 gramos<\/td>\n<\/tr>\n<tr>\n<td width=\"50%\">Acido ac\u00e9tico<\/td>\n<td width=\"50%\">10 c.c.<\/td>\n<\/tr>\n<\/tbody>\n<\/table>\n<p>Desarrollada la prueba, sin lavar, se met\u00eda en este ba\u00f1o, en el que permanecer\u00eda dos o tres minutos; se sacaba, se lavaba bien y se pasaba al hiposulfito, que en este caso pod\u00eda ser una soluci\u00f3n al 5 por 100. El fijado se verificaba en 10 minutos, y despu\u00e9s de esto se lavaban las pruebas una hora en agua corriente.<\/td>\n<\/tr>\n<\/tbody>\n<\/table>\n<p>&nbsp;<\/p>\n<table width=\"100%\">\n<tbody>\n<tr>\n<td width=\"100%\"><strong>Revelado del papel Calt\u00f3n.<\/strong><strong>&#8211;<\/strong> Este papel era de los llamados de desarrollo, y seg\u00fan c\u00f3mo se le trabajara se obten\u00edan pruebas negras o pardas. Este papel estaba indicado, especialmente, para el trabajo de fot\u00f3grafos profesionales.Estaba fabricado a base de una emulsi\u00f3n especial y deb\u00eda utilizarse en el laboratorio usando luz amarilla; bastaban cuatro o seis segundos de exposici\u00f3n, con luz artificial, para obtener el negro puro; para que diera tonos calientes la exposici\u00f3n hab\u00eda de ser mayor; el revelador m\u00e1s usado para la obtenci\u00f3n de tonos negros puros era el siguiente:<\/p>\n<table width=\"100%\">\n<tbody>\n<tr>\n<td width=\"50%\">Metol<\/td>\n<td width=\"50%\">2,5 gramos<\/td>\n<\/tr>\n<tr>\n<td width=\"50%\">Hidroquinona<\/td>\n<td width=\"50%\">5 gramos<\/td>\n<\/tr>\n<tr>\n<td width=\"50%\">Sulfito s\u00f3dico anhidro<\/td>\n<td width=\"50%\">50 gramos<\/td>\n<\/tr>\n<tr>\n<td width=\"50%\">Carbonato s\u00f3dico anhidro<\/td>\n<td width=\"50%\">30 gramos<\/td>\n<\/tr>\n<tr>\n<td width=\"50%\">Bromuro pot\u00e1sico<\/td>\n<td width=\"50%\">1 gramo<\/td>\n<\/tr>\n<tr>\n<td width=\"50%\">Agua<\/td>\n<td width=\"50%\">1 litro<\/td>\n<\/tr>\n<\/tbody>\n<\/table>\n<p>Para el uso se tomaba una parte del revelador y una parte de agua. El revelado durar\u00eda un minuto. Para la obtenci\u00f3n de tonos muy calientes deb\u00eda usarse el siguiente revelador:<\/p>\n<table width=\"100%\">\n<tbody>\n<tr>\n<td width=\"50%\">Agua<\/td>\n<td width=\"50%\">1 litro<\/td>\n<\/tr>\n<tr>\n<td width=\"50%\">Sulfito s\u00f3dico cristalizado<\/td>\n<td width=\"50%\">65 gramos<\/td>\n<\/tr>\n<tr>\n<td width=\"50%\">Hidroquinona<\/td>\n<td width=\"50%\">12,5 gramos<\/td>\n<\/tr>\n<tr>\n<td width=\"50%\">Carbonato s\u00f3dico anhidro<\/td>\n<td width=\"50%\">45 gramos<\/td>\n<\/tr>\n<tr>\n<td width=\"50%\">Bromuro pot\u00e1sico<\/td>\n<td width=\"50%\">5 gramos<\/td>\n<\/tr>\n<\/tbody>\n<\/table>\n<p>Se dar\u00eda al papel una exposici\u00f3n cinco veces mayor que la necesaria para la obtenci\u00f3n de un tono negro con el ba\u00f1o hidroquinonametol ya dicho. El revelado durar\u00eda tres minutos y despu\u00e9s se lavar\u00edan las pruebas, que se fijar\u00edan en el siguiente ba\u00f1o:<\/p>\n<table width=\"100%\">\n<tbody>\n<tr>\n<td width=\"50%\">Hiposulfito s\u00f3dico<\/td>\n<td width=\"50%\">300 gramos<\/td>\n<\/tr>\n<tr>\n<td width=\"50%\">Acido b\u00f3rico<\/td>\n<td width=\"50%\">40 gramos<\/td>\n<\/tr>\n<tr>\n<td width=\"50%\">Agua<\/td>\n<td width=\"50%\">1 litro<\/td>\n<\/tr>\n<\/tbody>\n<\/table>\n<p>En este ba\u00f1o se dejaban las pruebas hasta eliminar completamente el bromuro de plata no impresionado. Despu\u00e9s se lavaban y se pon\u00edan a secar en sitio ventilado.<\/p>\n<p>Los papeles al cloro bromuro, y especialmente algunos de ellos, pod\u00edan dar tonos diversos de los negros, si bien de matiz generalmente m\u00e1s agradable que los que daba el papel al bromuro. Pero para satisfacer las caprichosas exigencias, sobre todo del aficionado, se trataba de preparar papeles que simplemente pudieran dar tonos muy diversos del rojo pardo al verde oscuro.<\/p>\n<p>Este papel, en el que la materia sensible estaba constituida esencialmente por cloruro de plata, no hall\u00f3 gran aceptaci\u00f3n por no ser f\u00e1cil obtener el tono deseado.<\/p>\n<p>Sin embargo, los papeles Dekko y Pan encontraron aun partidarios; principalmente quienes ten\u00edan cierta pr\u00e1ctica en su uso hallaban en estos papeles un medio c\u00f3modo de cambiar a placer el tono de la imagen<\/td>\n<\/tr>\n<\/tbody>\n<\/table>\n","protected":false},"excerpt":{"rendered":"<p>La fotograf\u00eda de nuestros abuelos Toda la informaci\u00f3n presentada en este documento es a titulo informativo y\u00a0 puede encontrarse en www.galeon.com . Siempre es interesante conocer c\u00f3mo hace m\u00e1s de cuarenta a\u00f1os, los aficionados y los profesionales produc\u00edan su propio material fotogr\u00e1fico. La mayor\u00eda de los productos puedes encontrarlos en QUIMICS DALMAU S.L &nbsp; Revelado&hellip;<\/p>\n","protected":false},"author":1,"featured_media":0,"parent":0,"menu_order":50,"comment_status":"closed","ping_status":"closed","template":"","meta":{"footnotes":""},"class_list":["post-226","page","type-page","status-publish","hentry","description-off"],"_links":{"self":[{"href":"https:\/\/quimicsdalmau.com\/es\/wp-json\/wp\/v2\/pages\/226","targetHints":{"allow":["GET"]}}],"collection":[{"href":"https:\/\/quimicsdalmau.com\/es\/wp-json\/wp\/v2\/pages"}],"about":[{"href":"https:\/\/quimicsdalmau.com\/es\/wp-json\/wp\/v2\/types\/page"}],"author":[{"embeddable":true,"href":"https:\/\/quimicsdalmau.com\/es\/wp-json\/wp\/v2\/users\/1"}],"replies":[{"embeddable":true,"href":"https:\/\/quimicsdalmau.com\/es\/wp-json\/wp\/v2\/comments?post=226"}],"version-history":[{"count":3,"href":"https:\/\/quimicsdalmau.com\/es\/wp-json\/wp\/v2\/pages\/226\/revisions"}],"predecessor-version":[{"id":229,"href":"https:\/\/quimicsdalmau.com\/es\/wp-json\/wp\/v2\/pages\/226\/revisions\/229"}],"wp:attachment":[{"href":"https:\/\/quimicsdalmau.com\/es\/wp-json\/wp\/v2\/media?parent=226"}],"curies":[{"name":"wp","href":"https:\/\/api.w.org\/{rel}","templated":true}]}}