{"id":230,"date":"2025-08-07T10:15:49","date_gmt":"2025-08-07T10:15:49","guid":{"rendered":"https:\/\/quimicsdalmau.com\/bg_sites\/?page_id=230"},"modified":"2025-08-07T10:24:44","modified_gmt":"2025-08-07T10:24:44","slug":"uso-domestico-de-productos-quimicos","status":"publish","type":"page","link":"https:\/\/quimicsdalmau.com\/es\/uso-domestico-de-productos-quimicos\/","title":{"rendered":"USO DOMESTICO DE PRODUCTOS QU\u00cdMICOS"},"content":{"rendered":"<p><strong>Existen innumerables productos qu\u00edmicos de uso domestico cuya utilizaci\u00f3n requiere una m\u00ednimas precauciones como\u00a0 guantes de latex o incluso mascarilla en caso de uso continuado.<\/strong><strong>\u00a0<\/strong><\/p>\n<p>&nbsp;<\/p>\n<p><strong>La acetona<\/strong><strong>:<\/strong> para eliminar colas, pintura seca, laca de u\u00f1as o incluso para disolver la cera de los muebles se usa acetona. Extender el producto sobre la superficie a limpiar con un pa\u00f1o o pincel, esperar que se seque y rascarla con una rasqueta.<\/p>\n<p>&nbsp;<\/p>\n<p><strong>El \u00e1cido clorh\u00eddrico<\/strong> <strong>conocido vulgarmente como <\/strong><strong>Salfumant<\/strong> <strong>:<\/strong> es perfecto para eliminar los restos de cemento de algunas baldosas exteriores, ladrillos, azulejos y para devolver el color original al m\u00e1rmol. Tambi\u00e9n se utiliza como desatascador de ca\u00f1er\u00edas. Se debe diluir en una proporci\u00f3n de: 20% \u00e1cido clorh\u00eddrico por 80% de agua.<\/p>\n<p><strong>El amon\u00edaco<\/strong><strong>:<\/strong> su uso debe ser siempre muy diluido. Se utiliza para eliminar la cera y barnices de superficies y darles posteriormente una nueva capa. As\u00ed mismo, es ideal para limpiar manchas de sangre o de zumo sobre cualquier tejido. Tambi\u00e9n disuelve la grasa de los cepillos.<\/p>\n<p><strong>El metanol \/ alcohol de quemar<\/strong><strong>:<\/strong> se utiliza como combustible para el quemador de la fondue. Ideal para limpiar cristales, vidrios, pl\u00e1sticos, pinturas pl\u00e1sticas, y eliminar manchas de tinta, zumos de frutas, bebidas alcoh\u00f3licas, caf\u00e9, t\u00e9, leche, huevos, hierba o musgo. <em>El alcohol aplicado al limpiaparabrisas impide que se hiele.<\/em><\/p>\n<p>&nbsp;<\/p>\n<p><strong>El agua destilada<\/strong><strong>:<\/strong> el agua destilada al no tener cal es ideal para planchas con vapor, radiadores de coche (m\u00e1s anticongelante), bater\u00edas y dep\u00f3sitos de limpiacristales<\/p>\n<p><strong>La sal para el descalcificador<\/strong><strong>:<\/strong> se usa cuando el agua es muy \u00abpesada\u00bb y tiene mucha cal que obtura las conducciones o deja residuos. Su funcionamiento es mediante sales filtrantes que absorben la cal.<\/p>\n<p><strong>El tricloroetileno<\/strong><strong>:<\/strong> se utiliza para limpiar piezas textiles (ropa y alfombras) de manchas de grasas y alquitr\u00e1n. Una vez seca la mancha, untarla con mantequilla y esperar a que se impregne, despu\u00e9s limpiarla con el tricloroetil\u00e9no.<\/p>\n<p><strong>El aguarr\u00e1s o esencia de trementina<\/strong><strong> :<\/strong> su principal uso es el de limpieza de los utensilios de pintura, pinceles, potes, rodillos, etc., (no deja de ser un disolvente). Tambi\u00e9n sirve para diluir pinturas sint\u00e9ticas, en una proporci\u00f3n nunca superior del 10 al 20% del volumen total.<\/p>\n<p><strong>La lej\u00eda o acido hipoclorito<\/strong><strong>:<\/strong> la lej\u00eda, aparte de su uso desinfectante, una vez disuelta con agua, nos servir\u00e1 para eliminar el moho, las algas y el musgo de las zonas h\u00famedas. Hay que prestar especial atenci\u00f3n a los nocivos vapores que se pueden producir y nunca mezclar la lej\u00eda con otro producto.<\/p>\n","protected":false},"excerpt":{"rendered":"<p>Existen innumerables productos qu\u00edmicos de uso domestico cuya utilizaci\u00f3n requiere una m\u00ednimas precauciones como\u00a0 guantes de latex o incluso mascarilla en caso de uso continuado.\u00a0 &nbsp; La acetona: para eliminar colas, pintura seca, laca de u\u00f1as o incluso para disolver la cera de los muebles se usa acetona. Extender el producto sobre la superficie a&hellip;<\/p>\n","protected":false},"author":1,"featured_media":0,"parent":0,"menu_order":65,"comment_status":"closed","ping_status":"closed","template":"","meta":{"footnotes":""},"class_list":["post-230","page","type-page","status-publish","hentry","description-off"],"_links":{"self":[{"href":"https:\/\/quimicsdalmau.com\/es\/wp-json\/wp\/v2\/pages\/230","targetHints":{"allow":["GET"]}}],"collection":[{"href":"https:\/\/quimicsdalmau.com\/es\/wp-json\/wp\/v2\/pages"}],"about":[{"href":"https:\/\/quimicsdalmau.com\/es\/wp-json\/wp\/v2\/types\/page"}],"author":[{"embeddable":true,"href":"https:\/\/quimicsdalmau.com\/es\/wp-json\/wp\/v2\/users\/1"}],"replies":[{"embeddable":true,"href":"https:\/\/quimicsdalmau.com\/es\/wp-json\/wp\/v2\/comments?post=230"}],"version-history":[{"count":2,"href":"https:\/\/quimicsdalmau.com\/es\/wp-json\/wp\/v2\/pages\/230\/revisions"}],"predecessor-version":[{"id":232,"href":"https:\/\/quimicsdalmau.com\/es\/wp-json\/wp\/v2\/pages\/230\/revisions\/232"}],"wp:attachment":[{"href":"https:\/\/quimicsdalmau.com\/es\/wp-json\/wp\/v2\/media?parent=230"}],"curies":[{"name":"wp","href":"https:\/\/api.w.org\/{rel}","templated":true}]}}