{"id":233,"date":"2025-08-07T10:16:37","date_gmt":"2025-08-07T10:16:37","guid":{"rendered":"https:\/\/quimicsdalmau.com\/bg_sites\/?page_id=233"},"modified":"2025-08-07T10:24:39","modified_gmt":"2025-08-07T10:24:39","slug":"propiedades-aceites-esenciales","status":"publish","type":"page","link":"https:\/\/quimicsdalmau.com\/es\/propiedades-aceites-esenciales\/","title":{"rendered":"PROPIEDADES ACEITES ESENCIALES"},"content":{"rendered":"<h3 style=\"text-align: center;\"><strong>ESENCIAS NATURALES<\/strong><\/h3>\n<p>&nbsp;<\/p>\n<h5>ESENCIA MANDARINA\u00a0\u00a0 <em>Citrus reticulata<\/em><\/h5>\n<p>CALMANTE: estados de ansiedad y nerviosismo,<\/p>\n<p>&#8211;\u00a0\u00a0\u00a0\u00a0\u00a0\u00a0\u00a0\u00a0\u00a0 Diluir 10 o 12 gotas en crema base o aceite de masaje.<\/p>\n<p>&#8211;\u00a0\u00a0\u00a0\u00a0\u00a0\u00a0\u00a0\u00a0\u00a0 A\u00f1adir\u00a0 4 o\u00a0 6 gotas en agua o zumo.<\/p>\n<p>&#8211;\u00a0\u00a0\u00a0\u00a0\u00a0\u00a0\u00a0\u00a0\u00a0 A\u00f1adir 20 o 30 gotas en el ba\u00f1o.<\/p>\n<p>DIGESTIVO: 2 o 3 gotas con un poco de az\u00facar 3 veces al dia<\/p>\n<p>AROMATIZANTE ALIMENTARIO:A\u00f1adir 2 o 3 gotas.<\/p>\n<p>&nbsp;<\/p>\n<h5>ESENCIA MANZANILLA\u00a0 <em>Anthemis nobilis<\/em><\/h5>\n<p>CALMANTE: insomnio, t\u00f3nico muscular, alivio contra rampas y contracturas.Para pieles irritadas o muy resecas.<\/p>\n<p>&#8211;\u00a0 A\u00f1adir 10 o 15 gotas en el ba\u00f1o.<\/p>\n<p>&#8211; Diluir 6 o\u00a0 8 gotas en crema base o aceite de masaje.<\/p>\n<p>&#8211; A\u00f1adir 3 o 6 gotas en agua o zumo.<\/p>\n<h3><\/h3>\n<h5>ESENCIA\u00a0 ARBOL DE TE<\/h5>\n<p>ANTIS\u00c9PTICO TRIPLE : -Fungicida, bactericida y antiviral. Estimulante del sistema inmunol\u00f3gico.<\/p>\n<p>ANTIPARASITOS\u00a0 : -Pulverizar directamente sobre el animal domestico una\u00a0\u00a0 mezcla de 80ml alcohol 96, 5 ml aceite esencial puro y 15 ml agua destilada.<\/p>\n<p>CICATRIZANTE Y ANTIINFLAMATORIO : &#8211; Mejora acn\u00e9 y verrugas.<\/p>\n<p>&nbsp;<\/p>\n<h5>ESENCIA TE VERDE\u00a0 <em>Melauca alternifolia<\/em><\/h5>\n<p>DESINFECTANTE :- higiene bucal.A\u00f1adir 3 gotas en agua para hacer gargarismos.<\/p>\n<p>-A\u00f1adir al agua de ba\u00f1o para mejorar infecciones genitourinarias.<\/p>\n<p>-Inhalaciones para mejorar catarros, sinusitis y bronquitis.<\/p>\n<p>REPELENTE INSECTOS: Aplicar 1 gota directamente sobre la piel.<\/p>\n<p>&nbsp;<\/p>\n<h5>ESENCIA GERANIO\u00a0 <em>Pelargonium roseum<\/em><\/h5>\n<p>DESCONGESTIVO, ELIMINACI\u00d3N DE L\u00cdQUIDOS EN OBESIDAD.<\/p>\n<p>&#8211;\u00a0\u00a0\u00a0\u00a0\u00a0\u00a0\u00a0\u00a0\u00a0 A\u00f1adir\u00a0 6 o 8 gotas en una base de masaje.<\/p>\n<p>TRANQUILIZANTE Y CALMANTE:- Aplicar 2 o 3 gotas en aceite de masaje o mediante compresas en la zona afectada.<\/p>\n<p>&nbsp;<\/p>\n<h5>ESENCIA\u00a0 SANDALO\u00a0 <em>Santalum austrocaledonicum<\/em><\/h5>\n<p>T\u00d3NICO CORPORAL: -A\u00f1adir al ba\u00f1o 10 o 15 gotas.<\/p>\n<p>ANTIS\u00c9PTICO V\u00cdAS URINARIAS.<\/p>\n<p>ANTIS\u00c9PTICO PULMONAR Y DESCONGESTIVO: -A\u00f1adir 3 o 5 gotas en agua caliente para vahos o inhalaciones.<\/p>\n<p>&nbsp;<\/p>\n<h5>ESENCIA\u00a0AN\u00cdS\u00a0VERDE <em>Pimpinella anisum<\/em><\/h5>\n<p>EXPECTORANTE<strong> :- <\/strong>Coadyuvante tratamiento de catarros , bronquitis y faringitis.<\/p>\n<p>CARMINATIVO : &#8211; Facilita la expulsi\u00f3n de gases. Indicado en casos de meteorismo.<\/p>\n<p>T\u00d3NICO ESTOMACAL :- Inapetencia, espasmos gastrointestinales , mal aliento.<\/p>\n<p>REGULADOR FUNCI\u00d3N MENSTRUAL.<\/p>\n<p>-A\u00f1adir 1 o 3 gotas de esencia en un terr\u00f3n de az\u00facar. Tomar con las principales comidas.<\/p>\n<p>No usar en periodos prolongados ni a dosis superiores a las recomendadas debido a su posible neurotoxicidad.<\/p>\n<p><strong>\u00a0<\/strong><\/p>\n<h5>ESENCIA MENTA\u00a0 <em>Mentha piperita<\/em><\/h5>\n<p>T\u00d3NICO MUSCULAR : -Aplicar 10 o 15 gotas directamente o bien con aceite de masaje sobre la piel o a\u00f1adir 45 o 60 gotas en el agua del ba\u00f1o.<\/p>\n<p>DINAMIZANTE F\u00cdSICO Y INTELECTUAL. : &#8211; Antes del ejercicio, tomar de 2 a 4 gotas en agua ,miel\u00a0 o leche.<\/p>\n<p>ESTIMULANTE DEL APETITO Y FAVORECE LA DIGESTI\u00d3N.<\/p>\n<p>&nbsp;<\/p>\n<h5>ESENCIA CIPRES <em>Cupressus sempervivens<\/em><\/h5>\n<p>REAFIRMANTE,TONIFICANTE Y ANTIINFLAMATORIO:-Aplicar mediante compresas o bien a\u00f1adir 2 o 3 gotas en agua del ba\u00f1o.<\/p>\n<p>TRANQUILIZANTE : &#8211; Tomar 1 o 2 gotas con miel en una cucharita de caf\u00e9.<\/p>\n<p>DESCONGESTIONANTE : -2 o 3 gotas mediante vahos o en un pa\u00f1uelo.<\/p>\n<p>&nbsp;<\/p>\n<h5>ESENCIA ROMERO <em>Rosmarinus officinalis<\/em><\/h5>\n<p>TONIFICANTE : -A\u00f1adir 3 o 5 gotas en aceite de \u00e1rnica o calendula.<\/p>\n<p>REAFIRMANTE Y ANTICELUL\u00cdTICO:- A\u00f1adir 6 o 8 gotas en aceite de masaje o bien 40 o 60 gotas en el agua del ba\u00f1o<\/p>\n<p>&nbsp;<\/p>\n<h5>ESENCIA PINO<em> Pinus sylvestris<\/em><\/h5>\n<p>ANTIS\u00c9PTICO V\u00cdAS RESPIRATORIAS:- A\u00f1adir 4 o5 gotas en agua caliente para vahos o bien aplicarlas directamente sobre un pa\u00f1uelo.<\/p>\n<p>T\u00d3NICO ESTIMULANTE:- Mezclar 3 o 5 gotas con zumo\u00a0 o miel.<\/p>\n<p><strong>\u00a0<\/strong><\/p>\n<h5>ESENCIA\u00a0 TOMILLO\u00a0 <em>Thymus\u00a0 officinalis<\/em><\/h5>\n<p>T\u00d3NICO ANTIFATIGA : -A\u00f1adir 25 o 35 gotas en el agua de la ba\u00f1era o bien\u00a0 aplicar 1 gota directamente sobre la piel sin frotar para evitar irritaciones.<\/p>\n<p>ANTIS\u00c9PTICO V\u00cdAS RESPIRATORIAS:- A\u00f1adir 3 o 5 gotas en agua caliente para inhalaciones.<\/p>\n<p>&nbsp;<\/p>\n<h5>ESENCIA LAVANDA \u00a0\u00a0\u00a0<em>Lavandula angustifolia<\/em><\/h5>\n<p>RELAJANTE MUSCULAR :- A\u00f1adir 45 o 55 gotas en el agua del ba\u00f1o o bien 2 o 3 gotas en compresas calientes. Tambi\u00e9n puede aplicarse mezclado con una base de masaje.<\/p>\n<p>REPELENTE INSECTOS.<\/p>\n<p>TONIFICANTE Y RELAJANTE EPID\u00c9RMICO: -Eficaz en tratamiento impurezas cut\u00e1neas.<\/p>\n<p>POTENCIADOR\u00a0 de los efectos de cualquier aceite esencial.<\/p>\n<p>&nbsp;<\/p>\n<h3 style=\"text-align: center;\"><strong>ACEITES VEGETALES<\/strong><\/h3>\n<p><strong>\u00a0<\/strong><\/p>\n<h5>ACEITE S\u00c9SAMO<\/h5>\n<p>&#8211;\u00a0\u00a0\u00a0\u00a0\u00a0\u00a0\u00a0\u00a0\u00a0 <strong>Revitalizante <\/strong>para pieles secas . Indicado para tratamientos contra la flacidez por sus propiedades <strong>reestrucutrantes<\/strong> y altamente <strong>hidratantes.<\/strong><\/p>\n<p>&#8211;\u00a0\u00a0\u00a0\u00a0\u00a0\u00a0\u00a0\u00a0\u00a0 Ideal para <strong>tratar grietas<\/strong> en manos y pies.<\/p>\n<p>&#8211;\u00a0\u00a0\u00a0\u00a0\u00a0\u00a0\u00a0\u00a0\u00a0 Para <strong>pies\u00a0<\/strong><b>fr\u00edos<\/b>, masajear un par de gotas de aceite para mantenerlos calientes.<\/p>\n<p>&#8211;\u00a0\u00a0\u00a0\u00a0\u00a0\u00a0\u00a0\u00a0\u00a0 En <strong>mascarillas capilares<\/strong>\u00a0 para tratar la sequedad y costras cut\u00e1neas.<\/p>\n<p>&nbsp;<\/p>\n<h5>ACEITE AGUACATE<\/h5>\n<p>Aceite rico en vitaminas A, B y D.<\/p>\n<p>&#8211;\u00a0\u00a0\u00a0\u00a0\u00a0\u00a0\u00a0\u00a0\u00a0 Para masajes puede mezclarse con aceites esenciales. Apropiado para pieles secas.<\/p>\n<p>&#8211;\u00a0\u00a0\u00a0\u00a0\u00a0\u00a0\u00a0\u00a0\u00a0 Indicado para pieles deshidratadas y maduras , por sus propiedades <strong>antiarrugas<\/strong> , <strong>nutritivas y emolientes<\/strong>.<\/p>\n<p>&#8211;\u00a0\u00a0\u00a0\u00a0\u00a0\u00a0\u00a0\u00a0\u00a0 Eficaz en pieles fl\u00e1cidas asociado con aceite de s\u00e9samo.<\/p>\n<p>&#8211;\u00a0\u00a0\u00a0\u00a0\u00a0\u00a0\u00a0\u00a0\u00a0 Uso en tratamiento de afecciones cut\u00e1neas como eczemas , psoriasis y granos. No es comedog\u00e9nico.<\/p>\n<p>&#8211;\u00a0\u00a0\u00a0\u00a0\u00a0\u00a0\u00a0\u00a0\u00a0 Eficaz en tratamientos <strong>antiestr\u00edas<\/strong> combinado con aceite de germen de trigo.<\/p>\n<p>&nbsp;<\/p>\n<h5>ACEITE DE JOJOBA<\/h5>\n<p>&#8211;\u00a0\u00a0\u00a0\u00a0\u00a0\u00a0\u00a0\u00a0\u00a0 Para masajes, adecuado para todo tipo de piel por sus propiedades <strong>calmantes<\/strong> y suavizantes.<\/p>\n<p>&#8211;\u00a0\u00a0\u00a0\u00a0\u00a0\u00a0\u00a0\u00a0\u00a0 Uso cosm\u00e9tico, a\u00f1adiendo 10% en cremas es eficaz contra la <strong>deshidrataci\u00f3n<\/strong> . Es tambien <strong>regenerador celular<\/strong>,aumenta la elasticidad cut\u00e1nea y previene la aparici\u00f3n de estr\u00edas.<\/p>\n<p>&#8211;\u00a0\u00a0\u00a0\u00a0\u00a0\u00a0\u00a0\u00a0\u00a0 Eficaz en la <strong>hipersecreci\u00f3n seborr\u00e9ica<\/strong>, ayuda a combatir el acn\u00e9.<\/p>\n<p>&#8211;\u00a0\u00a0\u00a0\u00a0\u00a0\u00a0\u00a0\u00a0\u00a0 <strong>Hidratante capilar<\/strong> en cabellos da\u00f1ados por el sol\u00a0 o tintes gracias a su contenido en\u00a0vitamina .E y prote\u00ednas querat\u00ednicas. Aporta brillo y volumen.<\/p>\n<ul>\n<li>Cabellos grasos : aplicar sobre la ra\u00edz 15 minutos y luego enjabonar.<\/li>\n<li>Cabellos secos y fr\u00e1giles : empapar el cabello y cubrir con una toalla h\u00fameda\u00a0durante 10 minutos \u00a0y aclarar.<\/li>\n<\/ul>\n<p>&nbsp;<\/p>\n<h5>ACEITE GERMEN DE TRIGO<\/h5>\n<p>Aceite rico en prote\u00ednas y vitaminas B y E.<\/p>\n<p>&#8211;\u00a0\u00a0\u00a0\u00a0\u00a0\u00a0\u00a0\u00a0\u00a0 Act\u00faa como <strong>antioxidante<\/strong> y <strong>agente nutritivo<\/strong> de la piel gracias a su contenido en vitamina E.<\/p>\n<p>&#8211;\u00a0\u00a0\u00a0\u00a0\u00a0\u00a0\u00a0\u00a0\u00a0 <strong>Conservante<\/strong> en formulas de aromaterapia en diluci\u00f3n al 10%.<\/p>\n<p>&#8211;\u00a0\u00a0\u00a0\u00a0\u00a0\u00a0\u00a0\u00a0\u00a0 Para <strong>masajes<\/strong>, usar diluido al 10% con otro aceite base. <strong>\u00a0<\/strong><\/p>\n<p>&#8211;\u00a0\u00a0\u00a0\u00a0\u00a0\u00a0\u00a0\u00a0\u00a0 Precauciones: <strong>No usar en caso de alergia a gram\u00edneas<\/strong>.<\/p>\n<p>&nbsp;<\/p>\n<h5>ACEITE ALMENDRAS DULCES<\/h5>\n<p>Aceite rico en vitaminas A\u00a0 y\u00a0 E.<\/p>\n<p>&#8211;\u00a0\u00a0\u00a0\u00a0\u00a0\u00a0\u00a0\u00a0\u00a0 Por sus propiedades nutritivas , suavizantes y hidratantes, <strong>previene la sequedad cut\u00e1nea<\/strong>, es indicado para pieles secas y sensibles.<\/p>\n<p>&#8211;\u00a0\u00a0\u00a0\u00a0\u00a0\u00a0\u00a0\u00a0\u00a0 Aporta <strong>elasticidad<\/strong> a la piel , previene estr\u00edas, grietas del pez\u00f3n .<\/p>\n<p>&#8211;\u00a0\u00a0\u00a0\u00a0\u00a0\u00a0\u00a0\u00a0\u00a0 <strong>Alivia la piel irritada<\/strong> , indicada para calmar el picor en casos de alergia.<\/p>\n<p>&#8211;\u00a0\u00a0\u00a0\u00a0\u00a0\u00a0\u00a0\u00a0\u00a0 Excelente aceite de masaje por sus propiedades <strong>emolientes y antiinflamatorias<\/strong>. Uso directo o bien como base de masaje en combinaci\u00f3n con otros aceites.<\/p>\n<p>&nbsp;<\/p>\n<h5>ACEITE\u00a0 COCO<\/h5>\n<p>&#8211;\u00a0\u00a0\u00a0\u00a0\u00a0\u00a0\u00a0\u00a0\u00a0 Fabricaci\u00f3n de jabones y cremas. Excelente <strong>humectante.<\/strong><\/p>\n<p>&#8211;\u00a0\u00a0\u00a0\u00a0\u00a0\u00a0\u00a0\u00a0\u00a0 Facilita el <strong>bronceado<\/strong> pero se aconseja su uso en combinaci\u00f3n con un\u00a0protector solar.<\/p>\n<p>&nbsp;<\/p>\n<h5>ACEITE ROSA MOSQUETA<\/h5>\n<p>Aceite rico\u00a0 en \u00e1cidos grasos esenciales poliinsaturados.<\/p>\n<p>&#8211;\u00a0\u00a0\u00a0\u00a0\u00a0\u00a0\u00a0\u00a0\u00a0 <strong>Reestructurador y regenerador<\/strong> cut\u00e1neo, reduce y aten\u00faa arrugas , lineas de expresi\u00f3n, cicatrices, queloides, marcas de quemaduras y cirug\u00eda.<\/p>\n<p>&#8211;\u00a0\u00a0\u00a0\u00a0\u00a0\u00a0\u00a0\u00a0\u00a0 <strong>Combate la deshidrataci\u00f3n<\/strong> cut\u00e1nea, reduciendo la perdida de agua en la piel, actuando sobre el Factor de Hidrataci\u00f3n Natural de la piel.<\/p>\n<p>&#8211;\u00a0\u00a0\u00a0\u00a0\u00a0\u00a0\u00a0\u00a0\u00a0 Aporta <strong>flexibilidad<\/strong> a la piel . Indicado durante el embarazo\u00a0 como antiestr\u00edas .<\/p>\n<p>&#8211; \u00a0 \u00a0 \u00a0 \u00a0 \u00a0<b>Eliminaci\u00f3n<\/b>\u00a0de <strong>manchas<\/strong> cut\u00e1neas en tratamientos a largo plazo.<\/p>\n<p>&#8211;\u00a0\u00a0\u00a0\u00a0\u00a0\u00a0\u00a0\u00a0\u00a0 Indicado para <strong>tratar grietas<\/strong> de manos y talones. : mezclar aceite de aguacate con unas gotas de rosa mosqueta\u00a0 y\u00a0 aplicar dando un masaje . Seguidamente ponerse guantes o calcetines de algod\u00f3n 100% y dejar actuar toda la noche.<\/p>\n","protected":false},"excerpt":{"rendered":"<p>ESENCIAS NATURALES &nbsp; ESENCIA MANDARINA\u00a0\u00a0 Citrus reticulata CALMANTE: estados de ansiedad y nerviosismo, &#8211;\u00a0\u00a0\u00a0\u00a0\u00a0\u00a0\u00a0\u00a0\u00a0 Diluir 10 o 12 gotas en crema base o aceite de masaje. &#8211;\u00a0\u00a0\u00a0\u00a0\u00a0\u00a0\u00a0\u00a0\u00a0 A\u00f1adir\u00a0 4 o\u00a0 6 gotas en agua o zumo. &#8211;\u00a0\u00a0\u00a0\u00a0\u00a0\u00a0\u00a0\u00a0\u00a0 A\u00f1adir 20 o 30 gotas en el ba\u00f1o. DIGESTIVO: 2 o 3 gotas con un poco de az\u00facar&hellip;<\/p>\n","protected":false},"author":1,"featured_media":0,"parent":0,"menu_order":60,"comment_status":"closed","ping_status":"closed","template":"","meta":{"footnotes":""},"class_list":["post-233","page","type-page","status-publish","hentry","description-off"],"_links":{"self":[{"href":"https:\/\/quimicsdalmau.com\/es\/wp-json\/wp\/v2\/pages\/233","targetHints":{"allow":["GET"]}}],"collection":[{"href":"https:\/\/quimicsdalmau.com\/es\/wp-json\/wp\/v2\/pages"}],"about":[{"href":"https:\/\/quimicsdalmau.com\/es\/wp-json\/wp\/v2\/types\/page"}],"author":[{"embeddable":true,"href":"https:\/\/quimicsdalmau.com\/es\/wp-json\/wp\/v2\/users\/1"}],"replies":[{"embeddable":true,"href":"https:\/\/quimicsdalmau.com\/es\/wp-json\/wp\/v2\/comments?post=233"}],"version-history":[{"count":2,"href":"https:\/\/quimicsdalmau.com\/es\/wp-json\/wp\/v2\/pages\/233\/revisions"}],"predecessor-version":[{"id":235,"href":"https:\/\/quimicsdalmau.com\/es\/wp-json\/wp\/v2\/pages\/233\/revisions\/235"}],"wp:attachment":[{"href":"https:\/\/quimicsdalmau.com\/es\/wp-json\/wp\/v2\/media?parent=233"}],"curies":[{"name":"wp","href":"https:\/\/api.w.org\/{rel}","templated":true}]}}